{"id":1186,"date":"2025-07-29T12:05:08","date_gmt":"2025-07-29T12:05:08","guid":{"rendered":"https:\/\/aeidmafalda.edu.pt\/wp\/?page_id=1186"},"modified":"2025-07-29T12:05:10","modified_gmt":"2025-07-29T12:05:10","slug":"ementas","status":"publish","type":"page","link":"https:\/\/aeidmafalda.edu.pt\/wp\/ementas\/","title":{"rendered":"Ementas"},"content":{"rendered":"\n<p>Refei\u00e7\u00f5es Escolares<\/p>\n\n\n\n<p>Refeit\u00f3rios Escolares dos Estabelecimentos de Ensino<strong>&nbsp;Pr\u00e9-Escolar<\/strong>&nbsp;e do&nbsp;<strong>1.\u00ba Ciclo do Ensino B\u00e1sico<\/strong>&nbsp;do Concelho de Gondomar:<\/p>\n\n\n\n<p>Consulte as Ementas, clicando&nbsp;<a href=\"https:\/\/drive.google.com\/file\/d\/1rhmvgUCijgEMl7HF-POP-sBGJDVYhWLE\/view?usp=sharing\" target=\"_blank\" rel=\"noreferrer noopener\">aqui<\/a>.<\/p>\n\n\n\n<p>Refeit\u00f3rios Escolares dos Estabelecimentos de&nbsp;<strong>Ensino Secund\u00e1rio&nbsp;<\/strong>e do<strong>&nbsp;2.\u00ba e 3.\u00ba Ciclos do Ensino B\u00e1sico<\/strong>&nbsp;do Concelho de Gondomar:<\/p>\n\n\n\n<p>Consulte as Ementas, clicando<a href=\"https:\/\/drive.google.com\/file\/d\/1rhmvgUCijgEMl7HF-POP-sBGJDVYhWLE\/view?usp=sharing\" target=\"_blank\" rel=\"noreferrer noopener\">&nbsp;aqui<\/a>&nbsp;<a href=\"https:\/\/drive.google.com\/file\/d\/1IU4xeyILN-_V_QWD5ui3VR1Q-b3QboNQ\/view?usp=sharing%20data-mce-href=\">.<\/a><\/p>\n\n\n\n<p>Clique&nbsp;<a href=\"https:\/\/drive.google.com\/file\/d\/1wmdhLIX6oazjNb-a-PcwSPO1UQ5zN2tl\/view?usp=sharing\" target=\"_blank\" rel=\"noreferrer noopener\">aqui<\/a>&nbsp;para conhecer o Documento de Orienta\u00e7\u00e3o sobre Ementas e Refeit\u00f3rios Escolares &#8211; Trabalho desenvolvido pela Dire\u00e7\u00e3o-Geral da Educa\u00e7\u00e3o, com a colabora\u00e7\u00e3o do Programa Nacional para a Promo\u00e7\u00e3o da Alimenta\u00e7\u00e3o Saud\u00e1vel, da Dire\u00e7\u00e3o-Geral da Sa\u00fade (DGS).<\/p>\n\n\n\n<p><\/p>\n","protected":false},"excerpt":{"rendered":"<p>Refei\u00e7\u00f5es Escolares Refeit\u00f3rios Escolares dos Estabelecimentos de Ensino&nbsp;Pr\u00e9-Escolar&nbsp;e do&nbsp;1.\u00ba Ciclo do Ensino B\u00e1sico&nbsp;do Concelho de Gondomar: Consulte as Ementas, clicando&nbsp;aqui. Refeit\u00f3rios Escolares dos Estabelecimentos de&nbsp;Ensino Secund\u00e1rio&nbsp;e do&nbsp;2.\u00ba e 3.\u00ba Ciclos do Ensino B\u00e1sico&nbsp;do Concelho de Gondomar: Consulte as Ementas, clicando&nbsp;aqui&nbsp;. Clique&nbsp;aqui&nbsp;para conhecer o Documento de Orienta\u00e7\u00e3o sobre Ementas e Refeit\u00f3rios Escolares &#8211; Trabalho desenvolvido pela &hellip;<\/p>\n","protected":false},"author":2,"featured_media":0,"parent":0,"menu_order":0,"comment_status":"closed","ping_status":"closed","template":"","meta":{"footnotes":""},"class_list":["post-1186","page","type-page","status-publish","hentry"],"_links":{"self":[{"href":"https:\/\/aeidmafalda.edu.pt\/wp\/wp-json\/wp\/v2\/pages\/1186","targetHints":{"allow":["GET"]}}],"collection":[{"href":"https:\/\/aeidmafalda.edu.pt\/wp\/wp-json\/wp\/v2\/pages"}],"about":[{"href":"https:\/\/aeidmafalda.edu.pt\/wp\/wp-json\/wp\/v2\/types\/page"}],"author":[{"embeddable":true,"href":"https:\/\/aeidmafalda.edu.pt\/wp\/wp-json\/wp\/v2\/users\/2"}],"replies":[{"embeddable":true,"href":"https:\/\/aeidmafalda.edu.pt\/wp\/wp-json\/wp\/v2\/comments?post=1186"}],"version-history":[{"count":1,"href":"https:\/\/aeidmafalda.edu.pt\/wp\/wp-json\/wp\/v2\/pages\/1186\/revisions"}],"predecessor-version":[{"id":1187,"href":"https:\/\/aeidmafalda.edu.pt\/wp\/wp-json\/wp\/v2\/pages\/1186\/revisions\/1187"}],"wp:attachment":[{"href":"https:\/\/aeidmafalda.edu.pt\/wp\/wp-json\/wp\/v2\/media?parent=1186"}],"curies":[{"name":"wp","href":"https:\/\/api.w.org\/{rel}","templated":true}]}}