{"id":1127,"date":"2025-07-29T03:00:46","date_gmt":"2025-07-29T03:00:46","guid":{"rendered":"https:\/\/aeidmafalda.edu.pt\/wp\/?page_id=1127"},"modified":"2025-10-16T21:32:25","modified_gmt":"2025-10-16T21:32:25","slug":"documentos-orientadores","status":"publish","type":"page","link":"https:\/\/aeidmafalda.edu.pt\/wp\/documentos-orientadores\/","title":{"rendered":"Documentos Orientadores"},"content":{"rendered":"\n<p><a href=\"https:\/\/aeidmafalda.edu.pt\/wp\/wp-content\/uploads\/2025\/07\/Projeto_Educativo_atualizado_a_13092022.pdf\" target=\"_blank\" rel=\"noreferrer noopener\">Projeto Educativo do Agrupamento de Escolas Infanta D. Mafalda | 2021-2025 EM ATUALIZA\u00c7\u00c3O<\/a><\/p>\n\n\n\n<p><a href=\"https:\/\/aeidmafalda.edu.pt\/wp\/wp-content\/uploads\/2025\/07\/RI_aprovado_CG_-_26042022_com_alteracao_do_art64_a_09012025.pdf\" target=\"_blank\" rel=\"noreferrer noopener\">Regulamento Interno do Agrupamento de Escolas Infanta D. Mafalda | 2021-2025 EM ATUALIZA\u00c7\u00c3O<\/a><\/p>\n\n\n\n<p><a href=\"https:\/\/aeidmafalda.edu.pt\/wp\/wp-content\/uploads\/2025\/07\/PAA_AEIDM_23_24_2av.pdf\" target=\"_blank\" rel=\"noreferrer noopener\">Plano anual de atividades do Agrupamento de Escolas Infanta D. Mafalda para o ano letivo 2023 &#8211; 2024  (v1 11\/2023) EM ATUALIZA\u00c7\u00c3O<\/a><\/p>\n\n\n\n<p><a href=\"https:\/\/aeidmafalda.edu.pt\/wp\/wp-content\/uploads\/2025\/07\/Politicas_de_utilizacao_aceitavel_das_TIC-17072017_1.pdf\" target=\"_blank\" rel=\"noreferrer noopener\">Pol\u00edticas de utiliza\u00e7\u00e3o aceit\u00e1vel das Tecnologias de Informa\u00e7\u00e3o e Comunica\u00e7\u00e3o<\/a><\/p>\n\n\n\n<p><a href=\"https:\/\/aeidmafalda.edu.pt\/wp\/wp-content\/uploads\/2025\/07\/PORTO_Gondomar_AEE_AE_Infanta_D.a_Mafalda_2022_2023_R_H_compressed.pdf\" target=\"_blank\" rel=\"noreferrer noopener\">Relat\u00f3rio Final de Avalia\u00e7\u00e3o Externa 2022-2023 <\/a><\/p>\n\n\n\n<p><\/p>\n","protected":false},"excerpt":{"rendered":"<p>Projeto Educativo do Agrupamento de Escolas Infanta D. Mafalda | 2021-2025 EM ATUALIZA\u00c7\u00c3O Regulamento Interno do Agrupamento de Escolas Infanta D. Mafalda | 2021-2025 EM ATUALIZA\u00c7\u00c3O Plano anual de atividades do Agrupamento de Escolas Infanta D. Mafalda para o ano letivo 2023 &#8211; 2024 (v1 11\/2023) EM ATUALIZA\u00c7\u00c3O Pol\u00edticas de utiliza\u00e7\u00e3o aceit\u00e1vel das Tecnologias de &hellip;<\/p>\n","protected":false},"author":2,"featured_media":0,"parent":0,"menu_order":0,"comment_status":"closed","ping_status":"closed","template":"","meta":{"footnotes":""},"class_list":["post-1127","page","type-page","status-publish","hentry"],"_links":{"self":[{"href":"https:\/\/aeidmafalda.edu.pt\/wp\/wp-json\/wp\/v2\/pages\/1127","targetHints":{"allow":["GET"]}}],"collection":[{"href":"https:\/\/aeidmafalda.edu.pt\/wp\/wp-json\/wp\/v2\/pages"}],"about":[{"href":"https:\/\/aeidmafalda.edu.pt\/wp\/wp-json\/wp\/v2\/types\/page"}],"author":[{"embeddable":true,"href":"https:\/\/aeidmafalda.edu.pt\/wp\/wp-json\/wp\/v2\/users\/2"}],"replies":[{"embeddable":true,"href":"https:\/\/aeidmafalda.edu.pt\/wp\/wp-json\/wp\/v2\/comments?post=1127"}],"version-history":[{"count":11,"href":"https:\/\/aeidmafalda.edu.pt\/wp\/wp-json\/wp\/v2\/pages\/1127\/revisions"}],"predecessor-version":[{"id":1459,"href":"https:\/\/aeidmafalda.edu.pt\/wp\/wp-json\/wp\/v2\/pages\/1127\/revisions\/1459"}],"wp:attachment":[{"href":"https:\/\/aeidmafalda.edu.pt\/wp\/wp-json\/wp\/v2\/media?parent=1127"}],"curies":[{"name":"wp","href":"https:\/\/api.w.org\/{rel}","templated":true}]}}